{"id":18,"date":"2020-11-04T15:25:38","date_gmt":"2020-11-04T14:25:38","guid":{"rendered":"http:\/\/avocats-ap.fr\/?page_id=18"},"modified":"2022-11-14T14:45:02","modified_gmt":"2022-11-14T13:45:02","slug":"mentions-legales","status":"publish","type":"page","link":"https:\/\/avocats-ap.fr\/?page_id=18","title":{"rendered":"Mentions l\u00e9gales"},"content":{"rendered":"\r\n<p>\u00c9dition, conception graphique et r\u00e9alisation\u00a0: AURISTELLE Prod Inc.<br \/>85 Avenue Mar\u00e9chal Foch &#8211; 83000 TOULON &#8211; T\u00e9l. +33 494 64 1947<\/p>\r\n<p>H\u00e9bergement : OVH SAS, RCS Lille 424 761 419, 2 rue Kellermann 59100 Roubaix &#8211; France<\/p>\r\n<p>Responsable de la publication : Me Herv\u00e9 ANDREANI<\/p>\r\n<p>SIRET : 808 089 304 00014<\/p>\r\n\r\n\r\n\r\n\r\n\r\n\r\n\r\n<p>Contenu du site : Les informations contenues sur le site avocats-ap.fr ont un caract\u00e8re purement informatif, le contenu peut en \u00eatre modifi\u00e9 \u00e0 tout moment.<br \/>Les textes, images, sons, graphismes et documents t\u00e9l\u00e9chargeables sont la propri\u00e9t\u00e9 exclusive de Cabinet H. ANDREANI &amp; V. PIN, sauf mention contraire.<\/p>\r\n\r\n\r\n\r\n<p>Les contenus d\u2019actualit\u00e9s et de flux RSS sont produits \u00e0 titre purement informatif sous la responsabilit\u00e9 de leurs auteurs respectifs et n\u2019ont pas de valeur contractuelle.<\/p>\r\n\r\n\r\n\r\n<p>Droit applicable : L\u2019ensemble de ce site rel\u00e8ve de la l\u00e9gislation fran\u00e7aise et internationale sur les droits d\u2019auteur et de la propri\u00e9t\u00e9 intellectuelle. Toute utilisation ou reproduction, totale ou partielle du site constitue une contrefa\u00e7on sanctionn\u00e9e par le Code de la propri\u00e9t\u00e9 intellectuelle.<\/p>\r\n\r\n\r\n\r\n<p>Liens hypertextes : Les liens hypertextes vers d\u2019autres sites ne sauraient, en aucun cas engager la responsabilit\u00e9 de Cabinet H. ANDREANI &amp; V. PIN.<br \/>Les sites internet tiers sont\u00a0autoris\u00e9s \u00e0 mettre en place un lien hypertexte pointant vers ses contenus. Cette autorisation est valable pour tout site, \u00e0 l\u2019exception de ceux diffusant des informations \u00e0 caract\u00e8re pol\u00e9mique, pornographique, x\u00e9nophobe anti s\u00e9mites ou susceptibles de porter atteinte \u00e0 la sensibilit\u00e9 du plus grand nombre.<\/p>\r\n<p>Cookies : Les \u00ab\u00a0Cookies\u00a0\u00bb sont des t\u00e9moins de connexion qui d\u00e9signent des fichiers de format \u00ab\u00a0texte\u00a0\u00bb pouvant \u00eatre enregistr\u00e9s \u00e0 l&rsquo;occasion de la consultation d&rsquo;un service en ligne. Ils sont stock\u00e9s dans un espace consacr\u00e9 du terminal par lequel le site est consult\u00e9. Ce fichier \u00ab\u00a0Cookie\u00a0\u00bb permet \u00e0 son \u00e9metteur d&rsquo;identifier le terminal dans lequel il est enregistr\u00e9, pendant la dur\u00e9e de validit\u00e9 ou d&rsquo;enregistrement, \u00e0 des fins statistiques ou commerciales. Le site que vous consultez ne d\u00e9veloppe pas cette technologie et n&rsquo;utilise pas de \u00ab\u00a0cookie\u00a0\u00bb. Si l&rsquo;\u00e9volution technique devait rendre indispensable ce type de suivi, votre accord pr\u00e9alable serait requis.\u00a0<\/p>\r\n<p>Politique de protection des donn\u00e9es personnelles : Le Cabinet H. ANDREANI &amp; V. PIN\u00a0ne collecte pas les donn\u00e9es personnelles des utilisateurs du site avocats-ap.fr.. Si, pour une raison technique li\u00e9e aux n\u00e9cessit\u00e9s de bon fonctionnement du site ou de son h\u00e9bergement, des donn\u00e9es devaient \u00eatre collect\u00e9es, alors, conform\u00e9ment au r\u00e8glement g\u00e9n\u00e9ral sur la protection des donn\u00e9es (RGPD) et \u00e0 la loi Informatique et Libert\u00e9s, cela serait limit\u00e9 \u00e0 la collecte des donn\u00e9es personnelles au strict n\u00e9cessaire (minimisation des donn\u00e9es) et des pr\u00e9cisions seraient apport\u00e9es, notamment \u00e0 propos des objectifs du recueil de ces donn\u00e9es (finalit\u00e9s) de leur caract\u00e8re obligatoire ou facultatif pour la gestion. En toutes hypoth\u00e8ses, les seules personnes habilit\u00e9es en prendre connaissance seraient Me Herv\u00e9 ANDREANI ou Me Virginie PIN sauf pr\u00e9cision contraire. E En cas de transmission \u00e0 un tiers, un formulaire de consentement pr\u00e9alable serait fourni et le r\u00e9sultat serait enregistr\u00e9 en base de donn\u00e9es pendant une p\u00e9riode d&rsquo;un an.<br \/>Les donn\u00e9es \u00e0 destination et en provenance de avocats-ap.fr sont trait\u00e9es selon le protocole s\u00e9curis\u00e9 SSL.<br \/>Pour toute information ou exercice de vos droits \u00ab\u00a0Informatiques et Libert\u00e9s\u00a0\u00bb sur les traitements de donn\u00e9es personnelles g\u00e9r\u00e9s par le Cabinet H. ANDREANI &amp; V. PIN, vous pouvez contacter son d\u00e9l\u00e9gu\u00e9 \u00e0 la protection des donn\u00e9es par courrier sign\u00e9 accompagn\u00e9 de la copie d&rsquo;un titre d&rsquo;identit\u00e9 en cours de validit\u00e9 \u00e0 : Cabinet H. ANDREANI &amp; V. PIN, \u00e0 l\u2019attention du d\u00e9l\u00e9gu\u00e9 \u00e0 la protection des donn\u00e9es, 85 Avenue Mar\u00e9chal Foch, 83000 TOULON<\/p>\r\n","protected":false},"excerpt":{"rendered":"<p>\u00c9dition, conception graphique et r\u00e9alisation\u00a0: AURISTELLE Prod Inc.85 Avenue Mar\u00e9chal Foch &#8211; 83000 TOULON &#8211; T\u00e9l. +33 494 64 1947 H\u00e9bergement : OVH SAS, RCS Lille 424 761 419, 2 rue Kellermann 59100 Roubaix &#8211; France Responsable de la publication : Me Herv\u00e9 ANDREANI SIRET : 808 089 304 00014 Contenu du site : Les [&hellip;]<\/p>\n","protected":false},"author":1,"featured_media":0,"parent":0,"menu_order":0,"comment_status":"closed","ping_status":"closed","template":"","meta":{"footnotes":""},"class_list":["post-18","page","type-page","status-publish","hentry"],"_links":{"self":[{"href":"https:\/\/avocats-ap.fr\/index.php?rest_route=\/wp\/v2\/pages\/18","targetHints":{"allow":["GET"]}}],"collection":[{"href":"https:\/\/avocats-ap.fr\/index.php?rest_route=\/wp\/v2\/pages"}],"about":[{"href":"https:\/\/avocats-ap.fr\/index.php?rest_route=\/wp\/v2\/types\/page"}],"author":[{"embeddable":true,"href":"https:\/\/avocats-ap.fr\/index.php?rest_route=\/wp\/v2\/users\/1"}],"replies":[{"embeddable":true,"href":"https:\/\/avocats-ap.fr\/index.php?rest_route=%2Fwp%2Fv2%2Fcomments&post=18"}],"version-history":[{"count":14,"href":"https:\/\/avocats-ap.fr\/index.php?rest_route=\/wp\/v2\/pages\/18\/revisions"}],"predecessor-version":[{"id":446,"href":"https:\/\/avocats-ap.fr\/index.php?rest_route=\/wp\/v2\/pages\/18\/revisions\/446"}],"wp:attachment":[{"href":"https:\/\/avocats-ap.fr\/index.php?rest_route=%2Fwp%2Fv2%2Fmedia&parent=18"}],"curies":[{"name":"wp","href":"https:\/\/api.w.org\/{rel}","templated":true}]}}