{"id":19,"date":"2020-11-04T15:25:38","date_gmt":"2020-11-04T14:25:38","guid":{"rendered":"http:\/\/avocats-ap.fr\/?page_id=19"},"modified":"2020-11-16T12:09:00","modified_gmt":"2020-11-16T11:09:00","slug":"nos-activites","status":"publish","type":"page","link":"https:\/\/avocats-ap.fr\/?page_id=19","title":{"rendered":"Notre  savoir-faire"},"content":{"rendered":"\r\n<p><em>\u00e9couter <\/em><\/p>\r\n<p><em>parler d\u00e9fendre <\/em><\/p>\r\n<p><em>dire savoir connaitre <\/em><\/p>\r\n<p><em>interpr\u00e9ter entendre convaincre <\/em><\/p>\r\n<p><em>relever aider soutenir retenir \u00e9crire composer <\/em><\/p>\r\n<p><em>d\u00e9finir chercher soulager rendre \u00e9tablir forcer plaider <\/em><\/p>\r\n<p><em>communiquer garder soulever chercher abjurer<\/em><\/p>\r\n<p><em>argumenter attaquer durcir contourner<\/em><\/p>\r\n<p><em>essayer approuver ignorer laisser<\/em><\/p>\r\n<p><em>recourir op\u00e9rer appeler<\/em><\/p>\r\n<p><em>nommer d\u00e9signer<\/em><\/p>\r\n<p>avez-vous besoin d&rsquo;un avocat ?<\/p>\r\n<p>&nbsp;<\/p>\r\n<p>&nbsp;<\/p>\r\n","protected":false},"excerpt":{"rendered":"<p>\u00e9couter parler d\u00e9fendre dire savoir connaitre interpr\u00e9ter entendre convaincre relever aider soutenir retenir \u00e9crire composer d\u00e9finir chercher soulager rendre \u00e9tablir forcer plaider communiquer garder soulever chercher abjurer argumenter attaquer durcir contourner essayer approuver ignorer laisser recourir op\u00e9rer appeler nommer d\u00e9signer avez-vous besoin d&rsquo;un avocat ? &nbsp; &nbsp;<\/p>\n","protected":false},"author":1,"featured_media":0,"parent":0,"menu_order":0,"comment_status":"closed","ping_status":"closed","template":"","meta":{"footnotes":""},"class_list":["post-19","page","type-page","status-publish","hentry"],"_links":{"self":[{"href":"https:\/\/avocats-ap.fr\/index.php?rest_route=\/wp\/v2\/pages\/19","targetHints":{"allow":["GET"]}}],"collection":[{"href":"https:\/\/avocats-ap.fr\/index.php?rest_route=\/wp\/v2\/pages"}],"about":[{"href":"https:\/\/avocats-ap.fr\/index.php?rest_route=\/wp\/v2\/types\/page"}],"author":[{"embeddable":true,"href":"https:\/\/avocats-ap.fr\/index.php?rest_route=\/wp\/v2\/users\/1"}],"replies":[{"embeddable":true,"href":"https:\/\/avocats-ap.fr\/index.php?rest_route=%2Fwp%2Fv2%2Fcomments&post=19"}],"version-history":[{"count":7,"href":"https:\/\/avocats-ap.fr\/index.php?rest_route=\/wp\/v2\/pages\/19\/revisions"}],"predecessor-version":[{"id":365,"href":"https:\/\/avocats-ap.fr\/index.php?rest_route=\/wp\/v2\/pages\/19\/revisions\/365"}],"wp:attachment":[{"href":"https:\/\/avocats-ap.fr\/index.php?rest_route=%2Fwp%2Fv2%2Fmedia&parent=19"}],"curies":[{"name":"wp","href":"https:\/\/api.w.org\/{rel}","templated":true}]}}