{"id":20,"date":"2020-11-04T15:25:38","date_gmt":"2020-11-04T14:25:38","guid":{"rendered":"http:\/\/avocats-ap.fr\/?page_id=20"},"modified":"2026-03-05T16:42:19","modified_gmt":"2026-03-05T15:42:19","slug":"nous-contacter","status":"publish","type":"page","link":"https:\/\/avocats-ap.fr\/?page_id=20","title":{"rendered":"Nous contacter"},"content":{"rendered":"\r\n<p><strong>Les appels t\u00e9l\u00e9phoniques, compte tenu des n\u00e9cessit\u00e9s de gestion du cabinet et de respect du secret professionnel, sont r\u00e9serv\u00e9s, sauf urgence, \u00e0 la prise de rendez-vous. Pour toutes autres demandes, nous vous remercions de privil\u00e9gier le courrier \u00e9lectronique. Pour nous envoyer des fichiers num\u00e9riques lourds, vous pouvez utiliser <em>fromsmash.com<\/em> (cf. page liens) Les Avocats du Cabinet re\u00e7oivent uniquement sur rendez-vous.<\/strong><\/p>\r\n<p>__________________________________________________________<\/p>\r\n<p>COURRIELS<\/p>\r\n<p>Me Virginie PIN : pin.avocat@gmail.com<\/p>\r\n<p>Me Herv\u00e9 ANDREANI : herve.andreani@avocat.fr<\/p>\r\n<p>__________________________________________________________<\/p>\r\n<p>ADRESSE DU CABINET (5\u00e8me \u00e9tage)<\/p>\r\n\r\n\r\n\r\n\r\n\r\n<p>85 avenue Mar\u00e9chal Foch &#8211; 83000 TOULON<\/p>\r\n<p>__________________________________________________________<\/p>\r\n\r\n\r\n\r\n\r\n\r\n<p>TELEPHONE<\/p>\r\n<p>+33 (0) 494 64 1947<\/p>\r\n<p>__________________________________________________________<\/p>\r\n<p>&nbsp;<\/p>\r\n\r\n\r\n\r\n\r\n\r\n<figure class=\"wp-block-image size-large is-resized\"><img loading=\"lazy\" decoding=\"async\" class=\"wp-image-50\" src=\"http:\/\/avocats-ap.fr\/wp-content\/uploads\/2020\/11\/MeVirginiePin.png\" alt=\"\" width=\"228\" height=\"228\" srcset=\"https:\/\/avocats-ap.fr\/wp-content\/uploads\/2020\/11\/MeVirginiePin.png 512w, https:\/\/avocats-ap.fr\/wp-content\/uploads\/2020\/11\/MeVirginiePin-300x300.png 300w, https:\/\/avocats-ap.fr\/wp-content\/uploads\/2020\/11\/MeVirginiePin-100x100.png 100w, https:\/\/avocats-ap.fr\/wp-content\/uploads\/2020\/11\/MeVirginiePin-150x150.png 150w\" sizes=\"auto, (max-width: 228px) 100vw, 228px\" \/>\r\n<figcaption><strong>Me Virginie PIN<\/strong><\/figcaption>\r\n<\/figure>\r\n\r\n\r\n\r\n<figure class=\"wp-block-image size-large is-resized\"><img loading=\"lazy\" decoding=\"async\" class=\"wp-image-52\" src=\"http:\/\/avocats-ap.fr\/wp-content\/uploads\/2020\/11\/MeAndreani-1.png\" alt=\"\" width=\"221\" height=\"221\" srcset=\"https:\/\/avocats-ap.fr\/wp-content\/uploads\/2020\/11\/MeAndreani-1.png 512w, https:\/\/avocats-ap.fr\/wp-content\/uploads\/2020\/11\/MeAndreani-1-300x300.png 300w, https:\/\/avocats-ap.fr\/wp-content\/uploads\/2020\/11\/MeAndreani-1-100x100.png 100w, https:\/\/avocats-ap.fr\/wp-content\/uploads\/2020\/11\/MeAndreani-1-150x150.png 150w\" sizes=\"auto, (max-width: 221px) 100vw, 221px\" \/>\r\n<figcaption><strong>Me Herv\u00e9 ANDREANI<\/strong><\/figcaption>\r\n<\/figure>\r\n","protected":false},"excerpt":{"rendered":"<p>Les appels t\u00e9l\u00e9phoniques, compte tenu des n\u00e9cessit\u00e9s de gestion du cabinet et de respect du secret professionnel, sont r\u00e9serv\u00e9s, sauf urgence, \u00e0 la prise de rendez-vous. Pour toutes autres demandes, nous vous remercions de privil\u00e9gier le courrier \u00e9lectronique. Pour nous envoyer des fichiers num\u00e9riques lourds, vous pouvez utiliser fromsmash.com (cf. page liens) Les Avocats du [&hellip;]<\/p>\n","protected":false},"author":1,"featured_media":0,"parent":0,"menu_order":0,"comment_status":"closed","ping_status":"closed","template":"","meta":{"footnotes":""},"class_list":["post-20","page","type-page","status-publish","hentry"],"_links":{"self":[{"href":"https:\/\/avocats-ap.fr\/index.php?rest_route=\/wp\/v2\/pages\/20","targetHints":{"allow":["GET"]}}],"collection":[{"href":"https:\/\/avocats-ap.fr\/index.php?rest_route=\/wp\/v2\/pages"}],"about":[{"href":"https:\/\/avocats-ap.fr\/index.php?rest_route=\/wp\/v2\/types\/page"}],"author":[{"embeddable":true,"href":"https:\/\/avocats-ap.fr\/index.php?rest_route=\/wp\/v2\/users\/1"}],"replies":[{"embeddable":true,"href":"https:\/\/avocats-ap.fr\/index.php?rest_route=%2Fwp%2Fv2%2Fcomments&post=20"}],"version-history":[{"count":14,"href":"https:\/\/avocats-ap.fr\/index.php?rest_route=\/wp\/v2\/pages\/20\/revisions"}],"predecessor-version":[{"id":547,"href":"https:\/\/avocats-ap.fr\/index.php?rest_route=\/wp\/v2\/pages\/20\/revisions\/547"}],"wp:attachment":[{"href":"https:\/\/avocats-ap.fr\/index.php?rest_route=%2Fwp%2Fv2%2Fmedia&parent=20"}],"curies":[{"name":"wp","href":"https:\/\/api.w.org\/{rel}","templated":true}]}}