{"id":22,"date":"2020-11-04T15:25:39","date_gmt":"2020-11-04T14:25:39","guid":{"rendered":"http:\/\/avocats-ap.fr\/?page_id=22"},"modified":"2024-05-22T15:06:58","modified_gmt":"2024-05-22T13:06:58","slug":"notre-cabinet","status":"publish","type":"page","link":"https:\/\/avocats-ap.fr\/?page_id=22","title":{"rendered":"Le cabinet"},"content":{"rendered":"\r\n<p style=\"text-align: left;\"><strong>Me Virginie PIN, avocat depuis 1994<\/strong>\u00a0 \u00a0 \u00a0 \u00a0 \u00a0 \u00a0 \u00a0 \u00a0 \u00a0 \u00a0 \u00a0 \u00a0 \u00a0 \u00a0 \u00a0 \u00a0 \u00a0 \u00a0 \u00a0 \u00a0 \u00a0 \u00a0 \u00a0 \u00a0 \u00a0 \u00a0 \u00a0 \u00a0 \u00a0 \u00a0 \u00a0 \u00a0 \u00a0 \u00a0 \u00a0 \u00a0 \u00a0 \u00a0 \u00a0 \u00a0 \u00a0 \u00a0 \u00a0 \u00a0 \u00a0 \u00a0 \u00a0 \u00a0 \u00a0 \u00a0 \u00a0 \u00a0 \u00a0 \u00a0 \u00a0 \u00a0 \u00a0 \u00a0 \u00a0 \u00a0 \u00a0 \u00a0 \u00a0 \u00a0 \u00a0 \u00a0 \u00a0 \u00a0 \u00a0 \u00a0 \u00a0 \u00a0 \u00a0 \u00a0 \u00a0 \u00a0 \u00a0 \u00a0 \u00a0 \u00a0 \u00a0 \u00a0 \u00a0 \u00a0 \u00a0 \u00a0 \u00a0 \u00a0 \u00a0 \u00a0 \u00a0 \u00a0 \u00a0 \u00a0 \u00a0 \u00a0 \u00a0 \u00a0 \u00a0 \u00a0 \u00a0 \u00a0 \u00a0 \u00a0 \u00a0 \u00a0 \u00a0 \u00a0 \u00a0 \u00a0 \u00a0 \u00a0 \u00a0 \u00a0 \u00a0 \u00a0 \u00a0 \u00a0 \u00a0 \u00a0 \u00a0 \u00a0 \u00a0 \u00a0 \u00a0 \u00a0 \u00a0<\/p>\r\n<p><em>domaines d\u2019activit\u00e9s privil\u00e9gi\u00e9es : <\/em><\/p>\r\n<p><em>Droit des Personnes, droit de la Famille et du Patrimoine (Partage, Liquidation et Succession)\u00a0 et droit P\u00e9nal<\/em>\u00a0 \u00a0\u00a0 \u00a0<\/p>\r\n<p style=\"text-align: left;\"><em>Ancien membre du Conseil de l\u2019Ordre des avocats au Barreau de Toulon<\/em><\/p>\r\n<p style=\"text-align: left;\"><em>6 -\u00e8me Adjoint au Maire de Toulon depuis 2020, en charge de l&rsquo;\u00e9valuation des politiques publiques et des assurances<\/em><\/p>\r\n<p><em>Vice-pr\u00e9sident du Conseil R\u00e9gional Provence-Alpes-C\u00f4te-d&rsquo;Azur depuis 2021, en charge de l&rsquo;art de vivre, du patrimoine et des traditions<\/em><\/p>\r\n<p style=\"text-align: left;\"><em>Administrateur de l\u2019Agence de Gestion et de Recouvrement des Avoirs Saisis et Confisqu\u00e9s (AGRASC)<\/em>\u00a0 \u00a0 \u00a0 \u00a0 \u00a0 \u00a0 \u00a0 \u00a0 \u00a0 \u00a0 \u00a0 \u00a0 \u00a0 \u00a0 \u00a0 \u00a0 \u00a0 \u00a0 \u00a0 \u00a0 \u00a0 \u00a0 \u00a0 \u00a0 \u00a0 \u00a0 \u00a0 \u00a0 \u00a0 \u00a0 \u00a0 \u00a0 \u00a0 \u00a0 \u00a0 \u00a0 \u00a0 \u00a0 \u00a0 \u00a0 \u00a0 \u00a0 \u00a0 \u00a0 \u00a0 \u00a0 \u00a0 \u00a0 \u00a0 \u00a0 \u00a0\u00a0 \u00a0 \u00a0 \u00a0 \u00a0 \u00a0 \u00a0 \u00a0 \u00a0 \u00a0 \u00a0 \u00a0 \u00a0 \u00a0 \u00a0 \u00a0 \u00a0 \u00a0 \u00a0 \u00a0 \u00a0 \u00a0 \u00a0<\/p>\r\n<p style=\"text-align: left;\">anglais courant,<\/p>\r\n\r\n\r\n\r\n\r\n\r\n<p>________________________________________________________________________________________<\/p>\r\n\r\n\r\n\r\n<p><strong>Me Herv\u00e9 ANDREANI, avocat depuis 1988\u00a0 \u00a0 \u00a0 <\/strong><\/p>\r\n<p><em>domaines d\u2019activit\u00e9s privil\u00e9gi\u00e9es :\u00a0<\/em><\/p>\r\n<p><em>Droit des affaires, droit de l&rsquo;Immobilier (Urbanisme et Construction) droit P\u00e9nal et Communication, <\/em><em>Mandataire en bien immobilier<\/em><\/p>\r\n<p><em>Ancien membre du Conseil de l\u2019Ordre des avocats au Barreau de Toulon<\/em><\/p>\r\n<p><em>Membre associ\u00e9 de l&rsquo;Acad\u00e9mie du Var<\/em><\/p>\r\n<p>anglais lu et parl\u00e9<\/p>\r\n","protected":false},"excerpt":{"rendered":"<p>Me Virginie PIN, avocat depuis 1994\u00a0 \u00a0 \u00a0 \u00a0 \u00a0 \u00a0 \u00a0 \u00a0 \u00a0 \u00a0 \u00a0 \u00a0 \u00a0 \u00a0 \u00a0 \u00a0 \u00a0 \u00a0 \u00a0 \u00a0 \u00a0 \u00a0 \u00a0 \u00a0 \u00a0 \u00a0 \u00a0 \u00a0 \u00a0 \u00a0 \u00a0 \u00a0 \u00a0 \u00a0 \u00a0 \u00a0 \u00a0 \u00a0 \u00a0 \u00a0 \u00a0 \u00a0 \u00a0 \u00a0 \u00a0 \u00a0 \u00a0 \u00a0 \u00a0 \u00a0 [&hellip;]<\/p>\n","protected":false},"author":1,"featured_media":0,"parent":0,"menu_order":0,"comment_status":"closed","ping_status":"closed","template":"","meta":{"footnotes":""},"class_list":["post-22","page","type-page","status-publish","hentry"],"_links":{"self":[{"href":"https:\/\/avocats-ap.fr\/index.php?rest_route=\/wp\/v2\/pages\/22","targetHints":{"allow":["GET"]}}],"collection":[{"href":"https:\/\/avocats-ap.fr\/index.php?rest_route=\/wp\/v2\/pages"}],"about":[{"href":"https:\/\/avocats-ap.fr\/index.php?rest_route=\/wp\/v2\/types\/page"}],"author":[{"embeddable":true,"href":"https:\/\/avocats-ap.fr\/index.php?rest_route=\/wp\/v2\/users\/1"}],"replies":[{"embeddable":true,"href":"https:\/\/avocats-ap.fr\/index.php?rest_route=%2Fwp%2Fv2%2Fcomments&post=22"}],"version-history":[{"count":34,"href":"https:\/\/avocats-ap.fr\/index.php?rest_route=\/wp\/v2\/pages\/22\/revisions"}],"predecessor-version":[{"id":493,"href":"https:\/\/avocats-ap.fr\/index.php?rest_route=\/wp\/v2\/pages\/22\/revisions\/493"}],"wp:attachment":[{"href":"https:\/\/avocats-ap.fr\/index.php?rest_route=%2Fwp%2Fv2%2Fmedia&parent=22"}],"curies":[{"name":"wp","href":"https:\/\/api.w.org\/{rel}","templated":true}]}}