{"id":509,"date":"2025-01-16T13:57:52","date_gmt":"2025-01-16T12:57:52","guid":{"rendered":"https:\/\/avocats-ap.fr\/?page_id=509"},"modified":"2025-04-08T09:41:14","modified_gmt":"2025-04-08T07:41:14","slug":"vente-immobiliere","status":"publish","type":"page","link":"https:\/\/avocats-ap.fr\/?page_id=509","title":{"rendered":"vente immobili\u00e8re page 1"},"content":{"rendered":"<p>exceptionnel<\/p>\n<p>\u00e0 Mori\u00e8res-l\u00e8s-Avignon<\/p>\n<p>mas proven\u00e7al de plus de 600 m\u00b2 sur une parcelle de terre agricole de pr\u00e8s de 7 hectares.<\/p>\n<p>annexes, maison de gardien, piscine, tr\u00e8s fort potentiel<\/p>\n<p>pour toutes informations nous contacter (t\u00e9l 0 625 714 111)<\/p>\n<p>&nbsp;<\/p>\n","protected":false},"excerpt":{"rendered":"<p>exceptionnel \u00e0 Mori\u00e8res-l\u00e8s-Avignon mas proven\u00e7al de plus de 600 m\u00b2 sur une parcelle de terre agricole de pr\u00e8s de 7 hectares. annexes, maison de gardien, piscine, tr\u00e8s fort potentiel pour toutes informations nous contacter (t\u00e9l 0 625 714 111) &nbsp;<\/p>\n","protected":false},"author":1,"featured_media":0,"parent":38,"menu_order":0,"comment_status":"closed","ping_status":"closed","template":"","meta":{"footnotes":""},"class_list":["post-509","page","type-page","status-publish","hentry"],"_links":{"self":[{"href":"https:\/\/avocats-ap.fr\/index.php?rest_route=\/wp\/v2\/pages\/509","targetHints":{"allow":["GET"]}}],"collection":[{"href":"https:\/\/avocats-ap.fr\/index.php?rest_route=\/wp\/v2\/pages"}],"about":[{"href":"https:\/\/avocats-ap.fr\/index.php?rest_route=\/wp\/v2\/types\/page"}],"author":[{"embeddable":true,"href":"https:\/\/avocats-ap.fr\/index.php?rest_route=\/wp\/v2\/users\/1"}],"replies":[{"embeddable":true,"href":"https:\/\/avocats-ap.fr\/index.php?rest_route=%2Fwp%2Fv2%2Fcomments&post=509"}],"version-history":[{"count":2,"href":"https:\/\/avocats-ap.fr\/index.php?rest_route=\/wp\/v2\/pages\/509\/revisions"}],"predecessor-version":[{"id":521,"href":"https:\/\/avocats-ap.fr\/index.php?rest_route=\/wp\/v2\/pages\/509\/revisions\/521"}],"up":[{"embeddable":true,"href":"https:\/\/avocats-ap.fr\/index.php?rest_route=\/wp\/v2\/pages\/38"}],"wp:attachment":[{"href":"https:\/\/avocats-ap.fr\/index.php?rest_route=%2Fwp%2Fv2%2Fmedia&parent=509"}],"curies":[{"name":"wp","href":"https:\/\/api.w.org\/{rel}","templated":true}]}}