{"id":514,"date":"2025-04-08T09:10:23","date_gmt":"2025-04-08T07:10:23","guid":{"rendered":"https:\/\/avocats-ap.fr\/?page_id=514"},"modified":"2025-04-08T09:41:01","modified_gmt":"2025-04-08T07:41:01","slug":"vente-immobiliere-2","status":"publish","type":"page","link":"https:\/\/avocats-ap.fr\/?page_id=514","title":{"rendered":"ventes immobili\u00e8res page 3"},"content":{"rendered":"<p>Sur un seul t\u00e8nement, vente en plusieurs lots de garages ferm\u00e9s, situ\u00e9s dans le quartier de Claret \u00e0 TOULON<\/p>\n<p>___________________________________________________________________________<\/p>\n<p>Lot N\u00b01<\/p>\n<p>10 garages<br \/>\nTanti\u00e8mes 182<br \/>\nRevenu mensuel : 1221,07\u20ac<br \/>\nRevenu annuel : 14 652,84\u20ac<br \/>\nMise en vente : 300 000\u20ac<br \/>\nRentabilit\u00e9 4,88%<br \/>\nFrais en rapport aux tanti\u00e8mes<br \/>\nEDF 45,50\u20ac annuel<br \/>\nTaxe fonci\u00e8re 2024 : 2 343,62\u20ac<\/p>\n<p>________________________<br \/>\nLot N\u00b02<\/p>\n<p>10 garages<br \/>\nTanti\u00e8mes 190<br \/>\nRevenu mensuel : 1 286,16\u20ac<br \/>\nRevenu annuel : 15 433,92\u20ac<br \/>\nMise en vente : 300 000 \u20ac<br \/>\nRentabilit\u00e9 5,14%<br \/>\nFrais en rapport aux tanti\u00e8mes<br \/>\nEDF : 47,50\u20ac annuel<br \/>\nTaxe fonci\u00e8re 2024 : 2 446,63\u20ac<\/p>\n<p>________________________<br \/>\nLot N\u00b03<\/p>\n<p>10 garages<br \/>\nTanti\u00e8mes 137<br \/>\nRevenu mensuel : 1 242,72,07\u20ac<br \/>\nRevenu annuel : 14 912,64,84\u20ac<br \/>\nMise en vente : 300 000 \u20ac<br \/>\nRentabilit\u00e9 4,97%<br \/>\nFrais en rapport aux tanti\u00e8mes<br \/>\nEDF : 45,50\u20ac annuel<br \/>\nTaxe fonci\u00e8re 2024 : 2 343,62\u20ac<\/p>\n<p>__________________________<br \/>\nLot N\u00b04<\/p>\n<p>10 garages<br \/>\nTanti\u00e8mes 130<br \/>\nRevenu mensuel : 1212,10\u20ac<br \/>\nRevenu annuel : 14 545,20\u20ac<br \/>\nMise en vente : 300 000\u20ac<br \/>\nRentabilit\u00e9 4,84%<br \/>\nFrais en rapport aux tanti\u00e8mes<br \/>\nEDF : 32,50\u20ac annuel<br \/>\nTaxe fonci\u00e8re 2024 : 1 674,01\u20ac<\/p>\n<p>_________________________<br \/>\nLot N\u00b05<\/p>\n<p>4 garages<br \/>\nTanti\u00e8mes 52<br \/>\nRevenu mensuel : 447,75\u20ac<br \/>\nRevenu annuel : 5372,64\u20ac<br \/>\nMise en vente : 120 000\u20ac<br \/>\nRentabilit\u00e9 4,47%<br \/>\nFrais en rapport aux tanti\u00e8mes<br \/>\nEDF : 13 \u20ac annuel<br \/>\nTaxe fonci\u00e8re 2024 : 669,60\u20ac<\/p>\n","protected":false},"excerpt":{"rendered":"<p>Sur un seul t\u00e8nement, vente en plusieurs lots de garages ferm\u00e9s, situ\u00e9s dans le quartier de Claret \u00e0 TOULON ___________________________________________________________________________ Lot N\u00b01 10 garages Tanti\u00e8mes 182 Revenu mensuel : 1221,07\u20ac Revenu annuel : 14 652,84\u20ac Mise en vente : 300 000\u20ac Rentabilit\u00e9 4,88% Frais en rapport aux tanti\u00e8mes EDF 45,50\u20ac annuel Taxe fonci\u00e8re 2024 : [&hellip;]<\/p>\n","protected":false},"author":1,"featured_media":0,"parent":509,"menu_order":0,"comment_status":"closed","ping_status":"closed","template":"","meta":{"footnotes":""},"class_list":["post-514","page","type-page","status-publish","hentry"],"_links":{"self":[{"href":"https:\/\/avocats-ap.fr\/index.php?rest_route=\/wp\/v2\/pages\/514","targetHints":{"allow":["GET"]}}],"collection":[{"href":"https:\/\/avocats-ap.fr\/index.php?rest_route=\/wp\/v2\/pages"}],"about":[{"href":"https:\/\/avocats-ap.fr\/index.php?rest_route=\/wp\/v2\/types\/page"}],"author":[{"embeddable":true,"href":"https:\/\/avocats-ap.fr\/index.php?rest_route=\/wp\/v2\/users\/1"}],"replies":[{"embeddable":true,"href":"https:\/\/avocats-ap.fr\/index.php?rest_route=%2Fwp%2Fv2%2Fcomments&post=514"}],"version-history":[{"count":5,"href":"https:\/\/avocats-ap.fr\/index.php?rest_route=\/wp\/v2\/pages\/514\/revisions"}],"predecessor-version":[{"id":523,"href":"https:\/\/avocats-ap.fr\/index.php?rest_route=\/wp\/v2\/pages\/514\/revisions\/523"}],"up":[{"embeddable":true,"href":"https:\/\/avocats-ap.fr\/index.php?rest_route=\/wp\/v2\/pages\/509"}],"wp:attachment":[{"href":"https:\/\/avocats-ap.fr\/index.php?rest_route=%2Fwp%2Fv2%2Fmedia&parent=514"}],"curies":[{"name":"wp","href":"https:\/\/api.w.org\/{rel}","templated":true}]}}